{"id":247,"date":"2019-08-22T16:09:57","date_gmt":"2019-08-22T14:09:57","guid":{"rendered":"http:\/\/avalonkai.com\/?page_id=247"},"modified":"2021-09-13T15:14:56","modified_gmt":"2021-09-13T13:14:56","slug":"instalaciones","status":"publish","type":"page","link":"https:\/\/avalonkai.com\/index.php\/club\/instalaciones\/","title":{"rendered":"Nuestras instalaciones"},"content":{"rendered":"\n<p>El <a href=\"http:\/\/avalonkai.com\/index.php\/club\/ubicacion\/\">club<\/a> est\u00e1 en constante renovaci\u00f3n con el objetivo de ofreceros unas instalaciones modernas y c\u00f3modas totalmente equipadas para que inviten a acercarse a la pr\u00e1ctica deportiva. <\/p>\n\n\n\n<div class=\"wp-block-image\"><figure class=\"alignright is-resized\" style=\"padding:10px; background-color:#191a1f; border:solid; border-color:#009cb6;\"><img decoding=\"async\" src=\"http:\/\/avalonkai.com\/wp-content\/uploads\/2019\/12\/recepcion-684x1024.png\" alt=\"Recepci\u00f3n de nuestras instalaciones\" class=\"wp-image-495\" width=\"171\" height=\"256\" srcset=\"https:\/\/avalonkai.com\/wp-content\/uploads\/2019\/12\/recepcion-684x1024.png 684w, https:\/\/avalonkai.com\/wp-content\/uploads\/2019\/12\/recepcion-200x300.png 200w, https:\/\/avalonkai.com\/wp-content\/uploads\/2019\/12\/recepcion-768x1151.png 768w, https:\/\/avalonkai.com\/wp-content\/uploads\/2019\/12\/recepcion.png 1335w\" sizes=\"(max-width: 171px) 100vw, 171px\" \/><\/figure><\/div>\n\n\n\n<p>Tras la \u00fatlima reforma, el club cuenta con 2 salas, 2 vestuarios y una recepci\u00f3n.<\/p>\n\n\n\n<p><br><\/p><p>La <strong style=\"color: #009cb6;\">recepci\u00f3n<\/strong> es el lugar en el cual te recibiremos con los brazos abiertos. Dispone de un c\u00f3modo sof\u00e1 para hacerte la espera m\u00e1s amena y una m\u00e1quina de agua para que puedas hidratarte bien.<\/p><p><\/p>\n\n\n\n<br\/>\n \n \n \n \n \n \n \n \n\n\n\n<div class=\"wp-block-image\"><figure class=\"alignleft is-resized\" style=\"padding:10px; background-color:#191a1f; border:solid; border-color:#009cb6;\"><img fetchpriority=\"high\" decoding=\"async\" src=\"http:\/\/avalonkai.com\/wp-content\/uploads\/2019\/12\/taquillas-1024x684.png\" alt=\"Taquillas de los vestuarios de nuestsras instalaciones\" class=\"wp-image-503\" width=\"356\" height=\"171\"><\/figure><\/div>\n\n\n\n<br\/>\n<br\/>\n<br\/>\n<br\/>\n\n \n \n \n \n \n \n \n \n\n\n\n<p>En nuestros <strong style=\"color: #009cb6;\">vestuarios<\/strong> dispondr\u00e1s de taquillas y colgadores para ordenar y dejar tu ropa y accesorios. Est\u00e1 equipada con un banco de madera y tiene acceso a ba\u00f1o con ducha y lavabo de manos. En el vestuario femenino ofrecemos, adem\u00e1s,un set de higiene femenina.<\/p>\n\n\n\n<div class=\"wp-block-image\"><figure class=\"alignright is-resized\" style=\"padding:10px; background-color:#191a1f; border:solid; border-color:#009cb6;\"><img decoding=\"async\" src=\"http:\/\/avalonkai.com\/wp-content\/uploads\/2019\/12\/sala_yoga-1-1024x449.png\" alt=\"Sala zen en nuestras instalaciones\" width=\"420\" height=\"225\"><\/figure><\/div>\n\n\n\n<br\/>\n<br\/>\n<br\/>\n<br\/>\n\n \n \n \n \n \n \n \n \n\n\n\n<p><br><\/p><p>La sala <strong style=\"color: #009cb6;\">zen<\/strong> es nuestro espacio de relax. Con suelo de madera, esta sala es muy luminosa y acogedora, ideal para las actividades m\u00e1s calmadas como las de cuerpo y mente y empoderamiento.<\/p><p><\/p>\n\n\n\n<div class=\"wp-block-image\"><figure class=\"alignleft is-resized\" style=\"padding:10px; background-color:#191a1f; border:solid; border-color:#009cb6;\"><img loading=\"lazy\" decoding=\"async\" src=\"http:\/\/avalonkai.com\/wp-content\/uploads\/2019\/12\/tatami-2-1024x633.png\" alt=\"Sala con tatami de nuestras instalaciones\" class=\"wp-image-500\" width=\"420\" height=\"230\"><\/figure><\/div>\n\n\n\n<br\/>\n<br\/>\n<br\/>\n<br\/>\n\n \n \n \n \n \n \n \n \n\n\n\n<p>El <strong style=\"color: #009cb6;\">tatami<\/strong> es ideal para las actividades de cardio y las artes marciales. Situado en una sala amplia, est\u00e1 equipado con barras de hierro para pr\u00e1cticas como boxeo o TRX. Esta sala tiene suelo de tatami homologado por la <a href=\"https:\/\/www.wkf.net\/\" target=\"_blank\" rel=\"noreferrer noopener\">WKF<\/a> y dispone de todo lo necesario para un entrenamiento intenso.<\/p>\n","protected":false},"excerpt":{"rendered":"<p>El club est\u00e1 en constante renovaci\u00f3n con el objetivo de ofreceros unas instalaciones modernas y c\u00f3modas totalmente equipadas para que inviten a acercarse a la pr\u00e1ctica deportiva. Tras la \u00fatlima reforma, el club cuenta con 2 salas, 2 vestuarios y una recepci\u00f3n. La recepci\u00f3n es el lugar en el cual te recibiremos con los brazos [&hellip;]<\/p>\n","protected":false},"author":1,"featured_media":571,"parent":23,"menu_order":1,"comment_status":"closed","ping_status":"closed","template":"","meta":{"footnotes":""},"class_list":["post-247","page","type-page","status-publish","has-post-thumbnail","hentry"],"translation":{"provider":"WPGlobus","version":"3.0.2","language":"es","enabled_languages":["es"],"languages":{"es":{"title":true,"content":true,"excerpt":false}}},"yoast_head":"<!-- This site is optimized with the Yoast SEO plugin v27.5 - https:\/\/yoast.com\/product\/yoast-seo-wordpress\/ -->\r\n<title>Nuestras instalaciones - Club Deportivo Avalon Kai<\/title>\r\n<meta name=\"robots\" content=\"index, follow, max-snippet:-1, max-image-preview:large, max-video-preview:-1\" \/>\r\n<link rel=\"canonical\" href=\"http:\/\/avalonkai.com\/index.php\/club\/instalaciones\/\" \/>\r\n<meta property=\"og:locale\" content=\"es_ES\" \/>\r\n<meta property=\"og:type\" content=\"article\" \/>\r\n<meta property=\"og:title\" content=\"Nuestras instalaciones - Club Deportivo Avalon Kai\" \/>\r\n<meta property=\"og:url\" content=\"http:\/\/avalonkai.com\/index.php\/club\/instalaciones\/\" \/>\r\n<meta property=\"og:site_name\" content=\"Club Deportivo Avalon Kai\" \/>\r\n<meta property=\"article:publisher\" content=\"https:\/\/www.facebook.com\/CDAvalonKai\" \/>\r\n<meta property=\"article:modified_time\" content=\"2021-09-13T13:14:56+00:00\" \/>\r\n<meta property=\"og:image\" content=\"http:\/\/avalonkai.com\/wp-content\/uploads\/2019\/12\/tatami-1.png\" \/>\r\n\t<meta property=\"og:image:width\" content=\"1500\" \/>\r\n\t<meta property=\"og:image:height\" content=\"650\" \/>\r\n\t<meta property=\"og:image:type\" content=\"image\/png\" \/>\r\n<meta name=\"twitter:card\" content=\"summary_large_image\" \/>\r\n<meta name=\"twitter:site\" content=\"@avalon_kai\" \/>\r\n<meta name=\"twitter:label1\" content=\"Tiempo de lectura\" \/>\n\t<meta name=\"twitter:data1\" content=\"2 minutos\" \/>\r\n<script type=\"application\/ld+json\" class=\"yoast-schema-graph\">{\"@context\":\"https:\\\/\\\/schema.org\",\"@graph\":[{\"@type\":\"WebPage\",\"@id\":\"http:\\\/\\\/avalonkai.com\\\/index.php\\\/club\\\/instalaciones\\\/\",\"url\":\"http:\\\/\\\/avalonkai.com\\\/index.php\\\/club\\\/instalaciones\\\/\",\"name\":\"Nuestras instalaciones - Club Deportivo Avalon Kai\",\"isPartOf\":{\"@id\":\"https:\\\/\\\/avalonkai.com\\\/#website\"},\"primaryImageOfPage\":{\"@id\":\"http:\\\/\\\/avalonkai.com\\\/index.php\\\/club\\\/instalaciones\\\/#primaryimage\"},\"image\":{\"@id\":\"http:\\\/\\\/avalonkai.com\\\/index.php\\\/club\\\/instalaciones\\\/#primaryimage\"},\"thumbnailUrl\":\"https:\\\/\\\/avalonkai.com\\\/wp-content\\\/uploads\\\/2019\\\/12\\\/tatami-1.png\",\"datePublished\":\"2019-08-22T14:09:57+00:00\",\"dateModified\":\"2021-09-13T13:14:56+00:00\",\"breadcrumb\":{\"@id\":\"http:\\\/\\\/avalonkai.com\\\/index.php\\\/club\\\/instalaciones\\\/#breadcrumb\"},\"inLanguage\":\"es\",\"potentialAction\":[{\"@type\":\"ReadAction\",\"target\":[\"http:\\\/\\\/avalonkai.com\\\/index.php\\\/club\\\/instalaciones\\\/\"]}]},{\"@type\":\"ImageObject\",\"inLanguage\":\"es\",\"@id\":\"http:\\\/\\\/avalonkai.com\\\/index.php\\\/club\\\/instalaciones\\\/#primaryimage\",\"url\":\"https:\\\/\\\/avalonkai.com\\\/wp-content\\\/uploads\\\/2019\\\/12\\\/tatami-1.png\",\"contentUrl\":\"https:\\\/\\\/avalonkai.com\\\/wp-content\\\/uploads\\\/2019\\\/12\\\/tatami-1.png\",\"width\":1500,\"height\":650,\"caption\":\"Tatami\"},{\"@type\":\"BreadcrumbList\",\"@id\":\"http:\\\/\\\/avalonkai.com\\\/index.php\\\/club\\\/instalaciones\\\/#breadcrumb\",\"itemListElement\":[{\"@type\":\"ListItem\",\"position\":1,\"name\":\"Portada\",\"item\":\"https:\\\/\\\/avalonkai.com\\\/\"},{\"@type\":\"ListItem\",\"position\":2,\"name\":\"Historia del Club\",\"item\":\"https:\\\/\\\/avalonkai.com\\\/index.php\\\/club\\\/\"},{\"@type\":\"ListItem\",\"position\":3,\"name\":\"Nuestras instalaciones\"}]},{\"@type\":\"WebSite\",\"@id\":\"https:\\\/\\\/avalonkai.com\\\/#website\",\"url\":\"https:\\\/\\\/avalonkai.com\\\/\",\"name\":\"Club Deportivo Avalon Kai\",\"description\":\"\",\"publisher\":{\"@id\":\"https:\\\/\\\/avalonkai.com\\\/#organization\"},\"potentialAction\":[{\"@type\":\"SearchAction\",\"target\":{\"@type\":\"EntryPoint\",\"urlTemplate\":\"https:\\\/\\\/avalonkai.com\\\/?s={search_term_string}\"},\"query-input\":{\"@type\":\"PropertyValueSpecification\",\"valueRequired\":true,\"valueName\":\"search_term_string\"}}],\"inLanguage\":\"es\"},{\"@type\":\"Organization\",\"@id\":\"https:\\\/\\\/avalonkai.com\\\/#organization\",\"name\":\"Club Deportivo Avalon Kai\",\"url\":\"https:\\\/\\\/avalonkai.com\\\/\",\"logo\":{\"@type\":\"ImageObject\",\"inLanguage\":\"es\",\"@id\":\"https:\\\/\\\/avalonkai.com\\\/#\\\/schema\\\/logo\\\/image\\\/\",\"url\":\"http:\\\/\\\/avalonkai.com\\\/wp-content\\\/uploads\\\/2019\\\/08\\\/turquesa_f_n_rect.png\",\"contentUrl\":\"http:\\\/\\\/avalonkai.com\\\/wp-content\\\/uploads\\\/2019\\\/08\\\/turquesa_f_n_rect.png\",\"width\":1001,\"height\":220,\"caption\":\"Club Deportivo Avalon Kai\"},\"image\":{\"@id\":\"https:\\\/\\\/avalonkai.com\\\/#\\\/schema\\\/logo\\\/image\\\/\"},\"sameAs\":[\"https:\\\/\\\/www.facebook.com\\\/CDAvalonKai\",\"https:\\\/\\\/x.com\\\/avalon_kai\",\"https:\\\/\\\/www.instagram.com\\\/avalonkai\",\"https:\\\/\\\/www.youtube.com\\\/channel\\\/UCXzvcdFBlp-fyvK0W2aJxRg\"]}]}<\/script>\r\n<!-- \/ Yoast SEO plugin. -->","yoast_head_json":{"title":"Nuestras instalaciones - Club Deportivo Avalon Kai","robots":{"index":"index","follow":"follow","max-snippet":"max-snippet:-1","max-image-preview":"max-image-preview:large","max-video-preview":"max-video-preview:-1"},"canonical":"http:\/\/avalonkai.com\/index.php\/club\/instalaciones\/","og_locale":"es_ES","og_type":"article","og_title":"Nuestras instalaciones - Club Deportivo Avalon Kai","og_url":"http:\/\/avalonkai.com\/index.php\/club\/instalaciones\/","og_site_name":"Club Deportivo Avalon Kai","article_publisher":"https:\/\/www.facebook.com\/CDAvalonKai","article_modified_time":"2021-09-13T13:14:56+00:00","og_image":[{"width":1500,"height":650,"url":"http:\/\/avalonkai.com\/wp-content\/uploads\/2019\/12\/tatami-1.png","type":"image\/png"}],"twitter_card":"summary_large_image","twitter_site":"@avalon_kai","twitter_misc":{"Tiempo de lectura":"2 minutos"},"schema":{"@context":"https:\/\/schema.org","@graph":[{"@type":"WebPage","@id":"http:\/\/avalonkai.com\/index.php\/club\/instalaciones\/","url":"http:\/\/avalonkai.com\/index.php\/club\/instalaciones\/","name":"Nuestras instalaciones - Club Deportivo Avalon Kai","isPartOf":{"@id":"https:\/\/avalonkai.com\/#website"},"primaryImageOfPage":{"@id":"http:\/\/avalonkai.com\/index.php\/club\/instalaciones\/#primaryimage"},"image":{"@id":"http:\/\/avalonkai.com\/index.php\/club\/instalaciones\/#primaryimage"},"thumbnailUrl":"https:\/\/avalonkai.com\/wp-content\/uploads\/2019\/12\/tatami-1.png","datePublished":"2019-08-22T14:09:57+00:00","dateModified":"2021-09-13T13:14:56+00:00","breadcrumb":{"@id":"http:\/\/avalonkai.com\/index.php\/club\/instalaciones\/#breadcrumb"},"inLanguage":"es","potentialAction":[{"@type":"ReadAction","target":["http:\/\/avalonkai.com\/index.php\/club\/instalaciones\/"]}]},{"@type":"ImageObject","inLanguage":"es","@id":"http:\/\/avalonkai.com\/index.php\/club\/instalaciones\/#primaryimage","url":"https:\/\/avalonkai.com\/wp-content\/uploads\/2019\/12\/tatami-1.png","contentUrl":"https:\/\/avalonkai.com\/wp-content\/uploads\/2019\/12\/tatami-1.png","width":1500,"height":650,"caption":"Tatami"},{"@type":"BreadcrumbList","@id":"http:\/\/avalonkai.com\/index.php\/club\/instalaciones\/#breadcrumb","itemListElement":[{"@type":"ListItem","position":1,"name":"Portada","item":"https:\/\/avalonkai.com\/"},{"@type":"ListItem","position":2,"name":"Historia del Club","item":"https:\/\/avalonkai.com\/index.php\/club\/"},{"@type":"ListItem","position":3,"name":"Nuestras instalaciones"}]},{"@type":"WebSite","@id":"https:\/\/avalonkai.com\/#website","url":"https:\/\/avalonkai.com\/","name":"Club Deportivo Avalon Kai","description":"","publisher":{"@id":"https:\/\/avalonkai.com\/#organization"},"potentialAction":[{"@type":"SearchAction","target":{"@type":"EntryPoint","urlTemplate":"https:\/\/avalonkai.com\/?s={search_term_string}"},"query-input":{"@type":"PropertyValueSpecification","valueRequired":true,"valueName":"search_term_string"}}],"inLanguage":"es"},{"@type":"Organization","@id":"https:\/\/avalonkai.com\/#organization","name":"Club Deportivo Avalon Kai","url":"https:\/\/avalonkai.com\/","logo":{"@type":"ImageObject","inLanguage":"es","@id":"https:\/\/avalonkai.com\/#\/schema\/logo\/image\/","url":"http:\/\/avalonkai.com\/wp-content\/uploads\/2019\/08\/turquesa_f_n_rect.png","contentUrl":"http:\/\/avalonkai.com\/wp-content\/uploads\/2019\/08\/turquesa_f_n_rect.png","width":1001,"height":220,"caption":"Club Deportivo Avalon Kai"},"image":{"@id":"https:\/\/avalonkai.com\/#\/schema\/logo\/image\/"},"sameAs":["https:\/\/www.facebook.com\/CDAvalonKai","https:\/\/x.com\/avalon_kai","https:\/\/www.instagram.com\/avalonkai","https:\/\/www.youtube.com\/channel\/UCXzvcdFBlp-fyvK0W2aJxRg"]}]}},"_links":{"self":[{"href":"https:\/\/avalonkai.com\/index.php\/wp-json\/wp\/v2\/pages\/247","targetHints":{"allow":["GET"]}}],"collection":[{"href":"https:\/\/avalonkai.com\/index.php\/wp-json\/wp\/v2\/pages"}],"about":[{"href":"https:\/\/avalonkai.com\/index.php\/wp-json\/wp\/v2\/types\/page"}],"author":[{"embeddable":true,"href":"https:\/\/avalonkai.com\/index.php\/wp-json\/wp\/v2\/users\/1"}],"replies":[{"embeddable":true,"href":"https:\/\/avalonkai.com\/index.php\/wp-json\/wp\/v2\/comments?post=247"}],"version-history":[{"count":84,"href":"https:\/\/avalonkai.com\/index.php\/wp-json\/wp\/v2\/pages\/247\/revisions"}],"predecessor-version":[{"id":1243,"href":"https:\/\/avalonkai.com\/index.php\/wp-json\/wp\/v2\/pages\/247\/revisions\/1243"}],"up":[{"embeddable":true,"href":"https:\/\/avalonkai.com\/index.php\/wp-json\/wp\/v2\/pages\/23"}],"wp:featuredmedia":[{"embeddable":true,"href":"https:\/\/avalonkai.com\/index.php\/wp-json\/wp\/v2\/media\/571"}],"wp:attachment":[{"href":"https:\/\/avalonkai.com\/index.php\/wp-json\/wp\/v2\/media?parent=247"}],"curies":[{"name":"wp","href":"https:\/\/api.w.org\/{rel}","templated":true}]}}